    
{"id":106,"date":"2024-04-28T21:04:59","date_gmt":"2024-04-28T19:04:59","guid":{"rendered":"https:\/\/lubitelstories.net\/?page_id=106"},"modified":"2024-04-28T21:46:06","modified_gmt":"2024-04-28T19:46:06","slug":"credits","status":"publish","type":"page","link":"https:\/\/lubitelstories.net\/index.php\/credits\/","title":{"rendered":"Credits"},"content":{"rendered":"<p><strong>Comune di Trieste<br \/>\n<\/strong>Trieste \u00e8 pi\u00f9 di una destinazione turistica; \u00e8 un invito a esplorare, scoprire e apprezzare la ricchezza di una citt\u00e0 che abbraccia il mondo.<br \/>\n<a href=\"https:\/\/www.comune.trieste.it\/\">www.comune.trieste.it<\/a><strong><br \/>\n<\/strong><\/p>\n<p><strong>CentoFoto APS<\/strong><br \/>\nAssociazione di promozione sociale senza fini di lucro con sede a Trieste dedita alla promozione della fotografia.<br \/>\n<a href=\"https:\/\/centofoto.it\">centofoto.it<\/a><\/p>\n<p><strong>Skillpress<\/strong><br \/>\nAmore profondo per la tradizione artigiana, sguardo rivolto alle tecnologie del futuro. Queste le cifre stilistiche di\u00a0<strong>Skillpress<\/strong>, tipografia online specializzata nella stampa digitale online.<br \/>\n<a href=\"https:\/\/www.skillpress.it\">www.skillpress.it<\/a><\/p>\n<p><strong>Lomography<\/strong><br \/>\nIl movimento che ha reinventato la fotografia ripartendo dalla pellicola.<br \/>\n<a href=\"https:\/\/www.lomography.it\">www.lomography.it<\/a><\/p>\n<p><strong>Mediaimmagine<\/strong><br \/>\nSociet\u00e0 editrice di nuovi media digitali, con un\u2019anima d\u2019agenzia di comunicazione e una di consulenza tecnologica sul Cloud.<br \/>\n<a href=\"https:\/\/mediaimmagine.it\">mediaimmagine.it<\/a><\/p>\n<p class=\"elementor-icon-box-title\"><strong>TRIESTE.news<\/strong><br \/>\nIl magazine che esce ogni giorno, gi\u00e0 dal 2011, con notizie su Trieste, territorio giuliano e di confine, e con gli approfondimenti<br \/>\n<a href=\"https:\/\/www.triesteallnews.it\">www.triesteallnews.it<\/a><\/p>\n","protected":false},"excerpt":{"rendered":"<p>Comune di Trieste Trieste \u00e8 pi\u00f9 di una destinazione turistica; \u00e8 un invito a esplorare, scoprire e apprezzare la ricchezza di una citt\u00e0 che abbraccia il mondo. www.comune.trieste.it CentoFoto APS Associazione di promozione sociale senza fini di lucro con sede a Trieste dedita alla promozione della fotografia. centofoto.it Skillpress Amore profondo per la tradizione artigiana,<br \/><a class=\"moretag\" href=\"https:\/\/lubitelstories.net\/index.php\/credits\/\">+ Read More<\/a><\/p>\n","protected":false},"author":3,"featured_media":0,"parent":0,"menu_order":0,"comment_status":"closed","ping_status":"closed","template":"","meta":{"footnotes":""},"class_list":["post-106","page","type-page","status-publish","hentry"],"_links":{"self":[{"href":"https:\/\/lubitelstories.net\/index.php\/wp-json\/wp\/v2\/pages\/106","targetHints":{"allow":["GET"]}}],"collection":[{"href":"https:\/\/lubitelstories.net\/index.php\/wp-json\/wp\/v2\/pages"}],"about":[{"href":"https:\/\/lubitelstories.net\/index.php\/wp-json\/wp\/v2\/types\/page"}],"author":[{"embeddable":true,"href":"https:\/\/lubitelstories.net\/index.php\/wp-json\/wp\/v2\/users\/3"}],"replies":[{"embeddable":true,"href":"https:\/\/lubitelstories.net\/index.php\/wp-json\/wp\/v2\/comments?post=106"}],"version-history":[{"count":2,"href":"https:\/\/lubitelstories.net\/index.php\/wp-json\/wp\/v2\/pages\/106\/revisions"}],"predecessor-version":[{"id":112,"href":"https:\/\/lubitelstories.net\/index.php\/wp-json\/wp\/v2\/pages\/106\/revisions\/112"}],"wp:attachment":[{"href":"https:\/\/lubitelstories.net\/index.php\/wp-json\/wp\/v2\/media?parent=106"}],"curies":[{"name":"wp","href":"https:\/\/api.w.org\/{rel}","templated":true}]}}