    
{"id":29,"date":"2024-04-28T19:08:17","date_gmt":"2024-04-28T17:08:17","guid":{"rendered":"https:\/\/lubitelstories.net\/?page_id=29"},"modified":"2024-05-03T16:14:09","modified_gmt":"2024-05-03T14:14:09","slug":"matthias-rabiller","status":"publish","type":"page","link":"https:\/\/lubitelstories.net\/index.php\/matthias-rabiller\/","title":{"rendered":"Matthias Rabiller"},"content":{"rendered":"<p class=\"p1\">Nonostante ci\u00f2 che il suo nome potrebbe suggerire, <strong>Matthias Rabiller<\/strong> \u00e8 in realt\u00e0 francese.<\/p>\n<p class=\"p1\">Laureato in ingegneria biotecnologica, ha un dottorato di ricerca in biologia molecolare e strutturale e ora si occupa di analisi di dati nell\u2019industria farmaceutica.<\/p>\n<p class=\"p1\">Si ritiene abbastanza vecchio da aver avuto fotocamere a pellicola anzich\u00e9 digitali durante la sua giovent\u00f9 e ed \u00e8 tornato alla pellicola pi\u00f9 che altro per caso: voleva mostrare a suo figlio qualcosa di pi\u00f9 tangibile della fotografia digitale, quindi \u00e8 andato al mercatino delle pulci ed ha acquistato una bellissima Yashica Electro 35 GSN, poi ha comprato un kit per lo sviluppo, fino a quando si \u00e8 reso conto di aver completamente perso il controllo della cosa&#8230;<\/p>\n<p class=\"p1\">Matthias racconta che avere avuto una meravigliosa libreria di arte e fotografia proprio dietro l\u2019angolo l\u2019ha in qualche modo aiutato.<\/p>\n","protected":false},"excerpt":{"rendered":"<p>Nonostante ci\u00f2 che il suo nome potrebbe suggerire, Matthias Rabiller \u00e8 in realt\u00e0 francese. Laureato in ingegneria biotecnologica, ha un dottorato di ricerca in biologia molecolare e strutturale e ora si occupa di analisi di dati nell\u2019industria farmaceutica. Si ritiene abbastanza vecchio da aver avuto fotocamere a pellicola anzich\u00e9 digitali durante la sua giovent\u00f9 e<br \/><a class=\"moretag\" href=\"https:\/\/lubitelstories.net\/index.php\/matthias-rabiller\/\">+ Read More<\/a><\/p>\n","protected":false},"author":3,"featured_media":0,"parent":0,"menu_order":0,"comment_status":"closed","ping_status":"closed","template":"","meta":{"footnotes":""},"class_list":["post-29","page","type-page","status-publish","hentry"],"_links":{"self":[{"href":"https:\/\/lubitelstories.net\/index.php\/wp-json\/wp\/v2\/pages\/29","targetHints":{"allow":["GET"]}}],"collection":[{"href":"https:\/\/lubitelstories.net\/index.php\/wp-json\/wp\/v2\/pages"}],"about":[{"href":"https:\/\/lubitelstories.net\/index.php\/wp-json\/wp\/v2\/types\/page"}],"author":[{"embeddable":true,"href":"https:\/\/lubitelstories.net\/index.php\/wp-json\/wp\/v2\/users\/3"}],"replies":[{"embeddable":true,"href":"https:\/\/lubitelstories.net\/index.php\/wp-json\/wp\/v2\/comments?post=29"}],"version-history":[{"count":1,"href":"https:\/\/lubitelstories.net\/index.php\/wp-json\/wp\/v2\/pages\/29\/revisions"}],"predecessor-version":[{"id":30,"href":"https:\/\/lubitelstories.net\/index.php\/wp-json\/wp\/v2\/pages\/29\/revisions\/30"}],"wp:attachment":[{"href":"https:\/\/lubitelstories.net\/index.php\/wp-json\/wp\/v2\/media?parent=29"}],"curies":[{"name":"wp","href":"https:\/\/api.w.org\/{rel}","templated":true}]}}